{"id":395,"date":"2010-02-24T17:38:21","date_gmt":"2010-02-24T16:38:21","guid":{"rendered":"http:\/\/www.joachim-buchholz.de\/Test\/?page_id=395"},"modified":"2021-02-06T13:25:27","modified_gmt":"2021-02-06T12:25:27","slug":"test","status":"publish","type":"page","link":"http:\/\/www.blog.joachim-buchholz.de\/?page_id=395","title":{"rendered":"Impressum"},"content":{"rendered":"\r\n<pre class=\"wp-block-verse\">\u00a0<\/pre>\r\n\r\n<h5>\u00a0<\/h5>\r\n<h5><a href=\"http:\/\/www.joachim-buchholz.de\/Test\/wp-content\/uploads\/2010\/02\/at.png\" rel=\"lightbox-0\"><img loading=\"lazy\" decoding=\"async\" class=\"size-full wp-image-1091 aligncenter\" title=\"at\" src=\"http:\/\/www.joachim-buchholz.de\/Test\/wp-content\/uploads\/2010\/02\/at.png\" alt=\"\" width=\"116\" height=\"111\" \/><\/a><\/h5>\r\n<h5>\u00a0<\/h5>\r\n<p>&nbsp;<\/p>\r\n<p>&nbsp;<\/p>\r\n<p>&nbsp;<\/p>\r\n<h3 style=\"text-align: center;\"><span style=\"color: #0000ff;\"><a href=\"http:\/\/www.fotoblog-joachim-buchholz.de\/?page_id=5882\"><strong>F\u00fcr die Datenschutzerkl\u00e4rung <\/strong><\/a><\/span><span style=\"color: #0000ff;\"><a href=\"http:\/\/www.fotoblog-joachim-buchholz.de\/?page_id=5882\"><strong>hier klicken!<\/strong><\/a><\/span><\/h3>\r\n<p style=\"font-size: 130%;\">Copyright Inhalt und Struktur sowie Markenbezeichnungen (Warenzeichen), Logos, Texte sowie deren Anordnung auf der Website sind urheberrechtlich gesch\u00fctzt. Jede Verwendung ist ohne vorherige ausdr\u00fcckliche und schriftliche Zustimmung unzul\u00e4ssig. Dies gilt insbesondere f\u00fcr Vervielf\u00e4ltigungen, \u00dcbersetzungen, Mikroverfilmungen und die Verarbeitung in elektronischen Systemen. Haftungsausschluss Die Inhalte unserer Seiten wurden mit gr\u00f6\u00dfter Sorgfalt erstellt. F\u00fcr die Richtigkeit, Vollst\u00e4ndigkeit und Aktualit\u00e4t der Inhalte k\u00f6nnen wir jedoch keine Gew\u00e4hr \u00fcbernehmen. Als Diensteanbieter sind wir gem\u00e4\u00df \u00a7 7 Abs.1 TMG f\u00fcr eigene Inhalte auf diesen Seiten nach den allgemeinen Gesetzen verantwortlich. Nach \u00a7\u00a7 8 bis 10 TMG sind wir als Diensteanbieter jedoch nicht verpflichtet, \u00fcbermittelte oder gespeicherte fremde Informationen zu \u00fcberwachen oder nach Umst\u00e4nden zu forschen, die auf eine rechtswidrige T\u00e4tigkeit hinweisen. Verpflichtungen zur Entfernung oder Sperrung der Nutzung von Informationen nach den allgemeinen Gesetzen bleiben hiervon unber\u00fchrt. Eine diesbez\u00fcgliche Haftung ist jedoch erst ab dem Zeitpunkt der Kenntnis einer konkreten Rechtsverletzung m\u00f6glich. Bei Bekanntwerden von entsprechenden Rechtsverletzungen werden wir diese Inhalte umgehend entfernen. Unser Angebot enth\u00e4lt Links zu externen Webseiten Dritter, auf deren Inhalte wir keinen Einfluss haben. Deshalb k\u00f6nnen wir f\u00fcr diese fremden Inhalte auch keine Gew\u00e4hr \u00fcbernehmen. F\u00fcr die Inhalte der verlinkten Seiten ist stets der jeweilige Anbieter oder Betreiber der Seiten verantwortlich. Die verlinkten Seiten wurden zum Zeitpunkt der Verlinkung auf m\u00f6gliche Rechtsverst\u00f6\u00dfe \u00fcberpr\u00fcft. Rechtswidrige Inhalte waren zum Zeitpunkt der Verlinkung nicht erkennbar. Eine permanente inhaltliche Kontrolle der verlinkten Seiten ist jedoch ohne konkrete Anhaltspunkte einer Rechtsverletzung nicht zumutbar. Bei Bekanntwerden von Rechtsverletzungen werden wir derartige Links umgehend entfernen. Urheberrecht Die durch die Seitenbetreiber erstellten Inhalte und Werke auf diesen Seiten unterliegen dem deutschen Urheberrecht. Die Vervielf\u00e4ltigung, Bearbeitung, Verbreitung und jede Art der Verwertung au\u00dferhalb der Grenzen des Urheberrechtes bed\u00fcrfen der schriftlichen Zustimmung des jeweiligen Autors bzw. Erstellers. Downloads und Kopien dieser Seite sind nur f\u00fcr den privaten, nicht kommerziellen Gebrauch gestattet. Soweit die Inhalte auf dieser Seite nicht vom Betreiber erstellt wurden, werden die Urheberrechte Dritter beachtet. Insbesondere werden Inhalte Dritter als solche gekennzeichnet. Sollten Sie trotzdem auf eine Urheberrechtsverletzung aufmerksam werden, bitten wir um einen entsprechenden Hinweis. Bei Bekanntwerden von Rechtsverletzungen werden wir derartige Inhalte umgehend entfernen.<\/p>\r\n<p style=\"font-size: 130%;\">Joachim Buchholz Waldmeisterstr. 14 72461 Albstadt<\/p>\r\n<p>&nbsp;<\/p>\r\n<h5><strong>Sie haben noch Fragen? Gerne beantworte ich diese.<\/strong><\/h5>\r\n<h5><strong> Schreiben Sie mir!<\/strong><\/h5>\r\n<p>&nbsp;<\/p>","protected":false},"excerpt":{"rendered":"<p>\u00a0 \u00a0 \u00a0 &nbsp; &nbsp; &nbsp; F\u00fcr die Datenschutzerkl\u00e4rung hier klicken! Copyright Inhalt und Struktur sowie Markenbezeichnungen (Warenzeichen), Logos, Texte sowie deren Anordnung auf der Website sind urheberrechtlich gesch\u00fctzt. Jede Verwendung ist ohne vorherige ausdr\u00fcckliche und schriftliche Zustimmung unzul\u00e4ssig. Dies gilt insbesondere f\u00fcr Vervielf\u00e4ltigungen, \u00dcbersetzungen, Mikroverfilmungen und die Verarbeitung in elektronischen Systemen. Haftungsausschluss Die Inhalte unserer Seiten wurden mit gr\u00f6\u00dfter Sorgfalt erstellt. F\u00fcr die Richtigkeit, Vollst\u00e4ndigkeit und Aktualit\u00e4t der Inhalte k\u00f6nnen wir jedoch keine Gew\u00e4hr \u00fcbernehmen. Als Diensteanbieter sind wir [&hellip;]<\/p>\n","protected":false},"author":7,"featured_media":0,"parent":0,"menu_order":0,"comment_status":"open","ping_status":"open","template":"","meta":{"footnotes":""},"class_list":["post-395","page","type-page","status-publish","hentry"],"_links":{"self":[{"href":"http:\/\/www.blog.joachim-buchholz.de\/index.php?rest_route=\/wp\/v2\/pages\/395"}],"collection":[{"href":"http:\/\/www.blog.joachim-buchholz.de\/index.php?rest_route=\/wp\/v2\/pages"}],"about":[{"href":"http:\/\/www.blog.joachim-buchholz.de\/index.php?rest_route=\/wp\/v2\/types\/page"}],"author":[{"embeddable":true,"href":"http:\/\/www.blog.joachim-buchholz.de\/index.php?rest_route=\/wp\/v2\/users\/7"}],"replies":[{"embeddable":true,"href":"http:\/\/www.blog.joachim-buchholz.de\/index.php?rest_route=%2Fwp%2Fv2%2Fcomments&post=395"}],"version-history":[{"count":74,"href":"http:\/\/www.blog.joachim-buchholz.de\/index.php?rest_route=\/wp\/v2\/pages\/395\/revisions"}],"predecessor-version":[{"id":9570,"href":"http:\/\/www.blog.joachim-buchholz.de\/index.php?rest_route=\/wp\/v2\/pages\/395\/revisions\/9570"}],"wp:attachment":[{"href":"http:\/\/www.blog.joachim-buchholz.de\/index.php?rest_route=%2Fwp%2Fv2%2Fmedia&parent=395"}],"curies":[{"name":"wp","href":"https:\/\/api.w.org\/{rel}","templated":true}]}}